{"id":3,"date":"2026-03-06T11:19:08","date_gmt":"2026-03-06T11:19:08","guid":{"rendered":"https:\/\/rta.travelblox.eu\/en\/home\/"},"modified":"2026-03-26T14:59:10","modified_gmt":"2026-03-26T14:59:10","slug":"home","status":"publish","type":"page","link":"https:\/\/rta.travelblox.eu\/de\/","title":{"rendered":"Startseite"},"content":{"rendered":"<div class=\"tb-header tb-block align-center background-dark pattern-default variant-none\" id=\"header\" data-fallback-background=\"https:\/\/rta.travelblox.eu\/wp-content\/uploads\/sites\/154\/2026\/03\/header-fonce.jpg\" style=\"background-image: url('https:\/\/rta.travelblox.eu\/wp-content\/uploads\/sites\/154\/2026\/03\/header-fonce.jpg'); background-position:;\">\n    <div class=\"tb-header-foreground\">\n        <div class=\"inner-block\">\n\n            <div class=\"main-part\">\n                <div class=\"text-part\">\n                                                                <h1 class=\"tb-title\">Roadtrip Afrika<\/h1>\n                                                                <h2 class=\"tb-subtitle\">\t\t<div class=\"translation-block\"><p>W\u00e4hle Freiheit &amp; Abenteuer<\/p><\/div>\n\t<\/h2>\n                                                                                            <div class=\"tb-properties\">\n                                                                    <div class=\"tb-property\">\n                                                                                    <div class=\"tb-property__icon\">\n                                                \t\t\t\t<i class=\"icon fa-solid fa-star\" aria-hidden=\"true\"><\/i>\n\t\t\t                                            <\/div>\n                                                                                <div class=\"tb-property__label\">\n                                            #1 Afrika 4&#215;4 Spezialist                                        <\/div>\n                                    <\/div>\n                                    <div class=\"tb-properties__divider\"><\/div>\n                                                                                                    <div class=\"tb-property\">\n                                                                                    <div class=\"tb-property__icon\">\n                                                \t\t\t\t<i class=\"icon fa-kit fa-tb-icon-jeep\" aria-hidden=\"true\"><\/i>\n\t\t\t                                            <\/div>\n                                                                                <div class=\"tb-property__label\">\n                                            Wir besitzen unsere Flotte.                                        <\/div>\n                                    <\/div>\n                                    <div class=\"tb-properties__divider\"><\/div>\n                                                                                                    <div class=\"tb-property\">\n                                                                                    <div class=\"tb-property__icon\">\n                                                \t\t\t\t<i class=\"icon fa-solid fa-sparkles\" aria-hidden=\"true\"><\/i>\n\t\t\t                                            <\/div>\n                                                                                <div class=\"tb-property__label\">\n                                            Ma\u00dfgeschneiderte Touren                                        <\/div>\n                                    <\/div>\n                                                            <\/div>\n                                                                                        <div class=\"tb-buttons-part\">\n                                                            \t\t<a href=\"#destinations\"  target=\"\" class=\"tb-button\">\n\t\t\tBuche deine Roadtrip\t\t<\/a>\n\t\t                                                                                        \t\t<a href=\"#destinations\"  target=\"\" class=\"tb-buttonlink\">\n\t\t\tReiseziele\t\t<\/a>\n\t\t                                                    <\/div>\n                                                        <\/div>\n            <\/div>\n            \n                    <\/div>\n    <\/div>\n\n    \n    \n        <nav class=\"tb-header__subnav\">\n            <div class=\"inner-block\">\n                <div class=\"tb-header__pagename\">\n                    Startseite                <\/div>\n\n                <ul>\n                                            <li>\n                            <a href=\"#textimage2\">\u00dcber uns<\/a>\n                        <\/li>\n\n                                            <li>\n                            <a href=\"#destinations\">ziele<\/a>\n                        <\/li>\n\n                    \n                                                <li class=\"tb-header__subnav_cta\">\n                                <a href=\"https:\/\/bookings.roadtripafrica.com\/\" class=\"tb-button\" >Ein Angebot anfordern<\/a>\n                            <\/li>\n                                    <\/ul>\n            <\/div>\n        <\/nav>\n\n    \n<\/div>\n\n\n<div class=\"tb-textimage2 tb-block align-left background-light pattern-none variant-text_first tb-collapsible-margins\" id=\"textimage2\">\n\t<div class=\"inner-block tb-fade-in\">\n\n\t\t\n\t\t<div class=\"tb-columns\">\n\t\t\t<div class=\"tb-column\">\n\t\t\t\t<div class=\"tb-text-part\">\n\t\t\t\t\t<h2>Ein Roadtrip durch Afrika, der auf deine Bed\u00fcrfnisse zugeschnitten ist.<\/h2>\n\t\t\t\t\t\t\t<div class=\"translation-block\"><p>Bei Roadtrip Africa wissen wir, dass kein Reisender wie der andere ist. Deshalb passen wir unsere Reisen ganz nach Ihren W\u00fcnschen an.<\/p>\n<ul>\n<li>Roadtripping auf einer Route, die <strong>nur f\u00fcr Sie entworfen<\/strong> wurde?<\/li>\n<li>\u00dcbernachten in <strong>charmanten Lodges<\/strong> an <strong>einzigartigen Orten<\/strong> in Afrika?<\/li>\n<li>Oder <strong>Ihre eigene Route mit einem 4&#215;4<\/strong> und einer kompletten Campingausr\u00fcstung w\u00e4hlen?<\/li>\n<\/ul>\n<p>Egal, was Sie w\u00e4hlen, Sie sind hier genau richtig f\u00fcr abenteuerliche und einzigartige Roadtrips in Afrika. M\u00f6chten Sie lieber nicht selbst fahren? Dann entscheiden Sie sich f\u00fcr eine <strong>Reise mit Fahrer<\/strong>! Sie bestimmen Ihre Route, w\u00e4hrend ein erfahrener lokaler Guide Ihnen die besten Pl\u00e4tze zeigt.<\/p>\n<p>Unser Team von Spezialisten steht bereit, um Ihnen bei der Planung eines unvergesslichen Roadtrips in Afrika zu helfen.<\/p><\/div>\n\t\t\t\t\t\t\t\t\t\t\t<div class=\"tb-buttons-part\">\n\t\t\t\t\t\t\t\t<a href=\"https:\/\/booking.roadtripafrica.com\"  target=\"\" class=\"tb-button\">\n\t\t\tEin Angebot anfordern\t\t<\/a>\n\t\t\t\t\t\t\t\t\t\t<a href=\"#destinations\"  target=\"\" class=\"tb-buttonlink\">\n\t\t\tReiseziele\t\t<\/a>\n\t\t\t\t\t\t\t<\/div>\n\t\t\t\t<\/div>\n\t\t\t<\/div>\n\t\t\t<div class=\"tb-column\">\n\t\t\t\t\t\t\t\t\t\t\t\t\t\t\t<div class=\"tb-video-part\">\n\t\t\t\t\t\t\t<iframe loading=\"lazy\" title=\"Roadtrip Afrika - Tansania.\" width=\"640\" height=\"360\" src=\"https:\/\/www.youtube.com\/embed\/uVQeJPVT9gQ?feature=oembed&#038;preload=false&#038;autoplay=false&#038;muted=false&#038;playsinline=true&#038;controls=true&#038;responsive=true&#038;controlsList=nodownload&#038;oncontextmenu=return false;\" frameborder=\"0\" allow=\"accelerometer; autoplay; clipboard-write; encrypted-media; gyroscope; picture-in-picture; web-share\" referrerpolicy=\"strict-origin-when-cross-origin\" allowfullscreen><\/iframe>\t\t\t\t\t\t<\/div>\n\t\t\t\t\t\t\t\t\t\t\t\t<\/div>\n\t\t<\/div>\n\t<\/div>\n<\/div>\n\n\n<div class=\"tb-destinations tb-block align-center background-dark pattern-custom variant-none tb-collapsible-margins\" id=\"destinations\" style=\"background-image: url(https:\/\/rta.travelblox.eu\/wp-content\/uploads\/sites\/154\/2026\/03\/jupiter.svg)\">\n\t<div class=\"inner-block tb-fade-in tb-fade-in--subtle\">\n\t\t<div class=\"text-part\">\n\t\t\t<h2>W\u00e4hle dein Selbstfahrer-Ziel in Ostafrika aus.<\/h2>\n\t\t\t\t\t<div class=\"translation-block\"><p>Entdecke das Beste von Afrika mit unseren fachkundig gestalteten Selbstfahr-Abenteuern<\/p><\/div>\n\t\t\t\t\t\t<\/div>\n\t<\/div>\n\n\t<!-- sections -->\n\n\t\t\t<div class=\"tb-sections tb-fade-in tb-fade-in--subtle\">\n\t\t\t\t\t\t\t\t\t\t\t\t\t\t<div class=\"inner-block-full-width has-tb-carousel tb-section\" id=\"destinations-section-0\">\n\t\t\t<div class=\"tb-carousel-container\">\n\t\t\t\t<div class=\"entries tb-cards\" data-slider-first=\"1\">\n\t\t\t\t\t\t\t\t\t\n\t\t\t\t\t\t\t\t\t\t\t\t\t<a href=\"\/de\/uganda\/\"  target=\"\" class=\"tb-card entry\">\n\t\t\t\t\t\t\t\t\t\t\t\t\t\t\t<div class=\"tb-image-part\">\n\n\t\t\t\t\t\t\t\t\t<img src='https:\/\/rta.travelblox.eu\/wp-content\/uploads\/sites\/154\/2026\/03\/madagascar.jpg' width='752' height='550' loading='lazy' image_size='medium_large'>\t\t\t\t\t\t\t\t\t\t\t\t\t\t\t\t\t\t\t<div class=\"tb-image-part__overlay\">\n\t\t\t\t\t\t\t\t\t\t\t<h3 class=\"tb-image-part__title\">\n\t\t\t\t\t\t\t\t\t\t\t\t<span>Uganda<\/span>\n\t\t\t\t\t\t\t\t\t\t\t\t\t\t\t\t\t\t\t\t\t\t\t\t\t<i class=\"icon fa-solid fa-arrow-right\"><\/i>\n\t\t\t\t\t\t\t\t\t\t\t\t\t\t\t\t\t\t\t\t\t\t\t<\/h3>\n\t\t\t\t\t\t\t\t\t\t\t\t\t\t\t\t\t\t\t\t\t\t\t<h4 class=\"tb-image-part__subtitle\">Afrika im Miniaturformat<\/h4>\n\t\t\t\t\t\t\t\t\t\t\t\t\t\t\t\t\t\t\t\t\t<\/div>\n\t\t\t\t\t\t\t\t\t\n\t\t\t\t\t\t\t\t\t\t\t\t\t\t\t\t\t\t\t<div class=\"tag tiny-body-font\">Wildtiere &#038; Kultur<\/div>\n\t\t\t\t\t\t\t\t\t\n\t\t\t\t\t\t\t\t<\/div>\n\t\t\t\t\t\t\t\t\t\t\t\t\t\t\t\t\t<div class=\"tb-card-content\">\n\t\t\t\t\t\t\t\t\t\t\t\t\t\t\t\t\t\t\t\t\t<div class=\"property\">\n\t\t\t\t\t\t\t\t\t\t\t\t\t\t\t\t<i class=\"icon fa-solid fa-binoculars\" aria-hidden=\"true\"><\/i>\n\t\t\t\t\t\t\t\t\t\t\t\t\t\t\t<span>Gorillas &#038; Wildlife<\/span>\n\t\t\t\t\t\t\t\t\t\t\t<\/div>\n\t\t\t\t\t\t\t\t\t\t\t\t\t\t\t\t\t\t\t\t\t<div class=\"property\">\n\t\t\t\t\t\t\t\t\t\t\t\t\t\t\t\t<i class=\"icon fa-kit fa-tb-icon-mountains\" aria-hidden=\"true\"><\/i>\n\t\t\t\t\t\t\t\t\t\t\t\t\t\t\t<span>Rwenzori-Berge<\/span>\n\t\t\t\t\t\t\t\t\t\t\t<\/div>\n\t\t\t\t\t\t\t\t\t\t\t\t\t\t\t\t\t\t\t\t\t<div class=\"property\">\n\t\t\t\t\t\t\t\t\t\t\t\t\t\t\t\t<i class=\"icon fa-kit fa-tb-icon-paddle\" aria-hidden=\"true\"><\/i>\n\t\t\t\t\t\t\t\t\t\t\t\t\t\t\t<span>Wildwasser-Rafting<\/span>\n\t\t\t\t\t\t\t\t\t\t\t<\/div>\n\t\t\t\t\t\t\t\t\t\t\t\t\t\t\t\t\t\t\t<\/div>\n\t\t\t\t\t\t\t\t\n\t\t\t\t\t\t\t\t\t\t\t\t\t\t\t<\/a>\n\t\t\t\t\t\t\n\n\t\t\t\t\t\t\t\t\t\t\t\t\t<a href=\"\/de\/tanzania\/\"  target=\"\" class=\"tb-card entry\">\n\t\t\t\t\t\t\t\t\t\t\t\t\t\t\t<div class=\"tb-image-part\">\n\n\t\t\t\t\t\t\t\t\t<img src='https:\/\/rta.travelblox.eu\/wp-content\/uploads\/sites\/154\/2026\/03\/tanzania.jpg' width='752' height='550' loading='lazy' image_size='medium_large'>\t\t\t\t\t\t\t\t\t\t\t\t\t\t\t\t\t\t\t<div class=\"tb-image-part__overlay\">\n\t\t\t\t\t\t\t\t\t\t\t<h3 class=\"tb-image-part__title\">\n\t\t\t\t\t\t\t\t\t\t\t\t<span>Tansania<\/span>\n\t\t\t\t\t\t\t\t\t\t\t\t\t\t\t\t\t\t\t\t\t\t\t\t\t<i class=\"icon fa-solid fa-arrow-right\"><\/i>\n\t\t\t\t\t\t\t\t\t\t\t\t\t\t\t\t\t\t\t\t\t\t\t<\/h3>\n\t\t\t\t\t\t\t\t\t\t\t\t\t\t\t\t\t\t\t\t\t\t\t<h4 class=\"tb-image-part__subtitle\">Safari-Paradies<\/h4>\n\t\t\t\t\t\t\t\t\t\t\t\t\t\t\t\t\t\t\t\t\t<\/div>\n\t\t\t\t\t\t\t\t\t\n\t\t\t\t\t\t\t\t\t\t\t\t\t\t\t\t\t\t\t<div class=\"tag tiny-body-font\">Safari &amp; Abenteuer<\/div>\n\t\t\t\t\t\t\t\t\t\n\t\t\t\t\t\t\t\t<\/div>\n\t\t\t\t\t\t\t\t\t\t\t\t\t\t\t\t\t<div class=\"tb-card-content\">\n\t\t\t\t\t\t\t\t\t\t\t\t\t\t\t\t\t\t\t\t\t<div class=\"property\">\n\t\t\t\t\t\t\t\t\t\t\t\t\t\t\t\t<i class=\"icon fa-solid fa-binoculars\" aria-hidden=\"true\"><\/i>\n\t\t\t\t\t\t\t\t\t\t\t\t\t\t\t<span>Serengeti &amp; Ngorongoro<\/span>\n\t\t\t\t\t\t\t\t\t\t\t<\/div>\n\t\t\t\t\t\t\t\t\t\t\t\t\t\t\t\t\t\t\t\t\t<div class=\"property\">\n\t\t\t\t\t\t\t\t\t\t\t\t\t\t\t\t<i class=\"icon fa-solid fa-mound\" aria-hidden=\"true\"><\/i>\n\t\t\t\t\t\t\t\t\t\t\t\t\t\t\t<span>Mount Kilimanjaro<\/span>\n\t\t\t\t\t\t\t\t\t\t\t<\/div>\n\t\t\t\t\t\t\t\t\t\t\t\t\t\t\t\t\t\t\t\t\t<div class=\"property\">\n\t\t\t\t\t\t\t\t\t\t\t\t\t\t\t\t<i class=\"icon fa-solid fa-umbrella-beach\" aria-hidden=\"true\"><\/i>\n\t\t\t\t\t\t\t\t\t\t\t\t\t\t\t<span>Zanzibar Str\u00e4nde<\/span>\n\t\t\t\t\t\t\t\t\t\t\t<\/div>\n\t\t\t\t\t\t\t\t\t\t\t\t\t\t\t\t\t\t\t<\/div>\n\t\t\t\t\t\t\t\t\n\t\t\t\t\t\t\t\t\t\t\t\t\t\t\t<\/a>\n\t\t\t\t\t\t\n\n\t\t\t\t\t\t\t\t\t\t\t\t\t<a href=\"\/de\/kenya\/\"  target=\"\" class=\"tb-card entry\">\n\t\t\t\t\t\t\t\t\t\t\t\t\t\t\t<div class=\"tb-image-part\">\n\n\t\t\t\t\t\t\t\t\t<img src='https:\/\/rta.travelblox.eu\/wp-content\/uploads\/sites\/154\/2026\/03\/kenia.jpg' width='752' height='550' loading='lazy' image_size='medium_large'>\t\t\t\t\t\t\t\t\t\t\t\t\t\t\t\t\t\t\t<div class=\"tb-image-part__overlay\">\n\t\t\t\t\t\t\t\t\t\t\t<h3 class=\"tb-image-part__title\">\n\t\t\t\t\t\t\t\t\t\t\t\t<span>Kenia<\/span>\n\t\t\t\t\t\t\t\t\t\t\t\t\t\t\t\t\t\t\t\t\t\t\t\t\t<i class=\"icon fa-solid fa-arrow-right\"><\/i>\n\t\t\t\t\t\t\t\t\t\t\t\t\t\t\t\t\t\t\t\t\t\t\t<\/h3>\n\t\t\t\t\t\t\t\t\t\t\t\t\t\t\t\t\t\t\t\t\t\t\t<h4 class=\"tb-image-part__subtitle\">Land der endlosen Savannen<\/h4>\n\t\t\t\t\t\t\t\t\t\t\t\t\t\t\t\t\t\t\t\t\t<\/div>\n\t\t\t\t\t\t\t\t\t\n\t\t\t\t\t\t\t\t\t\t\t\t\t\t\t\t\t\t\t<div class=\"tag tiny-body-font\">Safari &amp; K\u00fcste<\/div>\n\t\t\t\t\t\t\t\t\t\n\t\t\t\t\t\t\t\t<\/div>\n\t\t\t\t\t\t\t\t\t\t\t\t\t\t\t\t\t<div class=\"tb-card-content\">\n\t\t\t\t\t\t\t\t\t\t\t\t\t\t\t\t\t\t\t\t\t<div class=\"property\">\n\t\t\t\t\t\t\t\t\t\t\t\t\t\t\t\t<i class=\"icon fa-solid fa-binoculars\" aria-hidden=\"true\"><\/i>\n\t\t\t\t\t\t\t\t\t\t\t\t\t\t\t<span>Amboseli-Elefanten<\/span>\n\t\t\t\t\t\t\t\t\t\t\t<\/div>\n\t\t\t\t\t\t\t\t\t\t\t\t\t\t\t\t\t\t\t\t\t<div class=\"property\">\n\t\t\t\t\t\t\t\t\t\t\t\t\t\t\t\t<i class=\"icon fa-kit fa-tb-icon-tipi\" aria-hidden=\"true\"><\/i>\n\t\t\t\t\t\t\t\t\t\t\t\t\t\t\t<span>Masai Mara Wildlife<\/span>\n\t\t\t\t\t\t\t\t\t\t\t<\/div>\n\t\t\t\t\t\t\t\t\t\t\t\t\t\t\t\t\t\t\t\t\t<div class=\"property\">\n\t\t\t\t\t\t\t\t\t\t\t\t\t\t\t\t<i class=\"icon fa-solid fa-umbrella-beach\" aria-hidden=\"true\"><\/i>\n\t\t\t\t\t\t\t\t\t\t\t\t\t\t\t<span>Swahili-K\u00fcste<\/span>\n\t\t\t\t\t\t\t\t\t\t\t<\/div>\n\t\t\t\t\t\t\t\t\t\t\t\t\t\t\t\t\t\t\t<\/div>\n\t\t\t\t\t\t\t\t\n\t\t\t\t\t\t\t\t\t\t\t\t\t\t\t<\/a>\n\t\t\t\t\t\t\n\n\t\t\t\t\t\t\t\t\t\t\t\t\t<a href=\"\/de\/madagascar\/\"  target=\"\" class=\"tb-card entry\">\n\t\t\t\t\t\t\t\t\t\t\t\t\t\t\t<div class=\"tb-image-part\">\n\n\t\t\t\t\t\t\t\t\t<img src='https:\/\/rta.travelblox.eu\/wp-content\/uploads\/sites\/154\/2026\/03\/madagascar.jpg' width='752' height='550' loading='lazy' image_size='medium_large'>\t\t\t\t\t\t\t\t\t\t\t\t\t\t\t\t\t\t\t<div class=\"tb-image-part__overlay\">\n\t\t\t\t\t\t\t\t\t\t\t<h3 class=\"tb-image-part__title\">\n\t\t\t\t\t\t\t\t\t\t\t\t<span>Madagaskar<\/span>\n\t\t\t\t\t\t\t\t\t\t\t\t\t\t\t\t\t\t\t\t\t\t\t\t\t<i class=\"icon fa-solid fa-arrow-right\"><\/i>\n\t\t\t\t\t\t\t\t\t\t\t\t\t\t\t\t\t\t\t\t\t\t\t<\/h3>\n\t\t\t\t\t\t\t\t\t\t\t\t\t\t\t\t\t\t\t\t\t\t\t<h4 class=\"tb-image-part__subtitle\">Ein Ziel wie kein anderes<\/h4>\n\t\t\t\t\t\t\t\t\t\t\t\t\t\t\t\t\t\t\t\t\t<\/div>\n\t\t\t\t\t\t\t\t\t\n\t\t\t\t\t\t\t\t\t\t\t\t\t\t\t\t\t\t\t<div class=\"tag tiny-body-font\">Einzigartige Tierwelt<\/div>\n\t\t\t\t\t\t\t\t\t\n\t\t\t\t\t\t\t\t<\/div>\n\t\t\t\t\t\t\t\t\t\t\t\t\t\t\t\t\t<div class=\"tb-card-content\">\n\t\t\t\t\t\t\t\t\t\t\t\t\t\t\t\t\t\t\t\t\t<div class=\"property\">\n\t\t\t\t\t\t\t\t\t\t\t\t\t\t\t\t<i class=\"icon fa-solid fa-star\" aria-hidden=\"true\"><\/i>\n\t\t\t\t\t\t\t\t\t\t\t\t\t\t\t<span>\u00dcberragende Baobabs<\/span>\n\t\t\t\t\t\t\t\t\t\t\t<\/div>\n\t\t\t\t\t\t\t\t\t\t\t\t\t\t\t\t\t\t\t\t\t<div class=\"property\">\n\t\t\t\t\t\t\t\t\t\t\t\t\t\t\t\t<i class=\"icon fa-solid fa-binoculars\" aria-hidden=\"true\"><\/i>\n\t\t\t\t\t\t\t\t\t\t\t\t\t\t\t<span>Einzigartige Tierwelt<\/span>\n\t\t\t\t\t\t\t\t\t\t\t<\/div>\n\t\t\t\t\t\t\t\t\t\t\t\t\t\t\t\t\t\t\t\t\t<div class=\"property\">\n\t\t\t\t\t\t\t\t\t\t\t\t\t\t\t\t<i class=\"icon fa-regular fa-plate-utensils\" aria-hidden=\"true\"><\/i>\n\t\t\t\t\t\t\t\t\t\t\t\t\t\t\t<span>Franz\u00f6sisch inspirierte K\u00fcche<\/span>\n\t\t\t\t\t\t\t\t\t\t\t<\/div>\n\t\t\t\t\t\t\t\t\t\t\t\t\t\t\t\t\t\t\t<\/div>\n\t\t\t\t\t\t\t\t\n\t\t\t\t\t\t\t\t\t\t\t\t\t\t\t<\/a>\n\t\t\t\t\t\t\n\t\t\t\t<\/div>\n\t\t\t\t\t\t<div class=\"tb-carousel-nav\">\n\t\t\t<div class=\"dots\">\n\t\t\t\t<div class=\"dot active\"><\/div>\n\t\t\t\t<div class=\"dot\"><\/div>\n\t\t\t\t<div class=\"dot\"><\/div>\n\t\t\t<\/div>\n\t\t\t<div class=\"arrows\">\n\t\t\t\t<div class=\"prev disabled\">\n\t\t\t\t\t<span><i class=\"fa fa-chevron-left\"><\/i><\/span>\n\t\t\t\t<\/div>\n\t\t\t\t<div class=\"next\">\n\t\t\t\t\t<span><i class=\"fa fa-chevron-right\"><\/i><\/span>\n\t\t\t\t<\/div>\n\t\t\t<\/div>\n\t\t<\/div>\n\t\t\t\t<\/div>\n\t\t<\/div>\n\t<\/div>\n\n<!-- end section -->\n\n\n<\/div>\n\n\n<div class=\"tb-reviewroll tb-block align-center background-white pattern-default variant-none tb-collapsible-margins\" id=\"reviewroll\">\n\t\t<div class=\"inner-block tb-fade-in tb-fade-in--subtle\">\n\t\t<div class=\"text-part\">\n\t\t\t<h2>Lass uns ein paar Geschichten teilen.<\/h2>\n\t\t<\/div>\n\n\t\t<div class=\"average-reviews-wrapper\" data-embed-social-id=\"\" data-reviews-redirect-url=\"\/reviews\">\n\t\t<\/div>\n\t<\/div>\n\t<div class=\"inner-block-full-width has-tb-carousel\">\n\t\t<!-- <div class=\"inner-block tb-fade-in tb-fade-in--subtle\"> -->\n\n\t\t<div class=\"reviews-wrapper\" data-embed-social-id=\"\" data-per-page=\"3\" data-type-code=\"custom\"\">\n\t\t\t<div class=\"tb-ajax-loader\">\n\t\t<\/div>\n\t<\/div>\n\n\t<!-- <\/div> -->\n<\/div>\n<\/div>\n\n\n<div class=\"align-center tb-storiescallout tb-block align-none background-light pattern-default variant-none tb-collapsible-margins\" id=\"storiescallout\">\n\t<div class=\"inner-block tb-fade-in tb-fade-in--subtle\">\n\t\t<div class=\"text-part\">\n\t\t\t<h2>Was unsere Reisenden sagen<\/h2>\n\t\t\t\t\t<div class=\"translation-block\"><p>Echte Erfahrungen von Abenteurern, die mit uns Afrika erkundet haben<\/p><\/div>\n\t\t\t<\/div>\n\t<\/div>\n\t\t\t\t\t<div class=\"inner-block-full-width has-tb-carousel\" >\n\t\t\t<div class=\"tb-carousel-container\">\n\t\t\t\t<div class=\"entries tb-cards\" data-slider-first=\"1\">\n\t\t\t\t\t\t\t\t\t\t\t<div class=\"entry tb-fade-in tb-fade-in--subtle\">\n\t\t\t\t\t<div class=\"inner-entry\">\n\t\t\t\t\t\t<div class=\"story-image\">\n\t\t\t\t\t\t\t<img src='https:\/\/rta.travelblox.eu\/wp-content\/uploads\/sites\/154\/2026\/03\/tbx-placeholder.svg' width='800' height='600' loading='lazy' alt='Pascal aus der Schweiz'>\t\t\t\t\t\t<\/div>\n\t\t\t\t\t\t<div class=\"story-content\">\n\t\t\t\t\t\t\t<h5>Pascal aus der Schweiz<\/h5>\n\t\t\t\t\t\t\t<div class=\"stars\"><i class=\"fa-solid fa-star\"><\/i><i class=\"fa-solid fa-star\"><\/i><i class=\"fa-solid fa-star\"><\/i><i class=\"fa-solid fa-star\"><\/i><i class=\"fa-solid fa-star\"><\/i><\/div>\t\t\t\t\t\t\t\t\t<div class=\"translation-block\"><p>Es war auf jeden Fall ein gro\u00dfes Vergn\u00fcgen, unseren 4x4 mit Roadtrip zu buchen. Wir haben den \u201eMadagascar Grand Circuit\u201c gemacht und das Auto selbst gefahren. F\u00fcr die Westk\u00fcste hatten wir einen gro\u00dfartigen Pisteur (Guide) dabei. Definitiv sehr hilfreich, wenn man nicht so viel Erfahrung im 4x4-Fahren hat.<\/p><\/div>\n\t\t\t\t\t\t\t<\/div>\n\t\t\t\t\t\t<div class=\"story-button\">\n\t\t\t\t\t\t\t\t\t\t\t\t\t<\/div>\n\t\t\t\t\t<\/div>\n\t\t\t\t<\/div>\n\t\t\t\t\t\t\t<div class=\"entry tb-fade-in tb-fade-in--subtle\">\n\t\t\t\t\t<div class=\"inner-entry\">\n\t\t\t\t\t\t<div class=\"story-image\">\n\t\t\t\t\t\t\t<img src='https:\/\/rta.travelblox.eu\/wp-content\/uploads\/sites\/154\/2026\/03\/tbx-placeholder.svg' width='800' height='600' loading='lazy' alt='Javier aus Spanien'>\t\t\t\t\t\t<\/div>\n\t\t\t\t\t\t<div class=\"story-content\">\n\t\t\t\t\t\t\t<h5>Javier aus Spanien<\/h5>\n\t\t\t\t\t\t\t<div class=\"stars\"><i class=\"fa-solid fa-star\"><\/i><i class=\"fa-solid fa-star\"><\/i><i class=\"fa-solid fa-star\"><\/i><i class=\"fa-solid fa-star\"><\/i><i class=\"fa-solid fa-star\"><\/i><\/div>\t\t\t\t\t\t\t\t\t<div class=\"translation-block\"><p>Tolle Firma, um einen 4\u00d74 in Uganda zu mieten. Wir fahren immer selbst, aber wenn du die Chance hast, einen Fahrer-Guide wie Cato (Moses) zu bekommen, z\u00f6gere nicht, ihn zu engagieren. Er hat unseren Roadtrip in Uganda unvergesslich gemacht.<\/p><\/div>\n\t\t\t\t\t\t\t<\/div>\n\t\t\t\t\t\t<div class=\"story-button\">\n\t\t\t\t\t\t\t\t\t\t\t\t\t<\/div>\n\t\t\t\t\t<\/div>\n\t\t\t\t<\/div>\n\t\t\t\t\t\t\t<div class=\"entry tb-fade-in tb-fade-in--subtle\">\n\t\t\t\t\t<div class=\"inner-entry\">\n\t\t\t\t\t\t<div class=\"story-image\">\n\t\t\t\t\t\t\t<img src='https:\/\/rta.travelblox.eu\/wp-content\/uploads\/sites\/154\/2026\/03\/tbx-placeholder.svg' width='800' height='600' loading='lazy' alt='Matthias aus Deutschland'>\t\t\t\t\t\t<\/div>\n\t\t\t\t\t\t<div class=\"story-content\">\n\t\t\t\t\t\t\t<h5>Matthias aus Deutschland<\/h5>\n\t\t\t\t\t\t\t<div class=\"stars\"><i class=\"fa-solid fa-star\"><\/i><i class=\"fa-solid fa-star\"><\/i><i class=\"fa-solid fa-star\"><\/i><i class=\"fa-solid fa-star\"><\/i><i class=\"fa-solid fa-star\"><\/i><\/div>\t\t\t\t\t\t\t\t\t<div class=\"translation-block\"><p>Mein bevorzugter Reiseveranstalter f\u00fcr Self-Drive in Ostafrika. Nachdem ich letztes Jahr eine Selbstfahrt in Kenia gemacht habe, habe ich mich wieder f\u00fcr Roadtrip f\u00fcr meine Reise nach Tansania entschieden. Alles war super professionell und reibungslos.<\/p><\/div>\n\t\t\t\t\t\t\t<\/div>\n\t\t\t\t\t\t<div class=\"story-button\">\n\t\t\t\t\t\t\t\t\t\t\t\t\t<\/div>\n\t\t\t\t\t<\/div>\n\t\t\t\t<\/div>\n\t\t\t\t\t\t\t\t\t<\/div>\n\t\t\t\t\t\t<div class=\"tb-carousel-nav\">\n\t\t\t<div class=\"dots\">\n\t\t\t\t<div class=\"dot active\"><\/div>\n\t\t\t\t<div class=\"dot\"><\/div>\n\t\t\t\t<div class=\"dot\"><\/div>\n\t\t\t<\/div>\n\t\t\t<div class=\"arrows\">\n\t\t\t\t<div class=\"prev disabled\">\n\t\t\t\t\t<span><i class=\"fa fa-chevron-left\"><\/i><\/span>\n\t\t\t\t<\/div>\n\t\t\t\t<div class=\"next\">\n\t\t\t\t\t<span><i class=\"fa fa-chevron-right\"><\/i><\/span>\n\t\t\t\t<\/div>\n\t\t\t<\/div>\n\t\t<\/div>\n\t\t\t\t<\/div>\n\t\t<\/div>\n\t\t<\/div>\n\n\n\n<div class=\"tb-textimage1 tb-block align-right background-white pattern-default variant-none tb-collapsible-margins\" id=\"textimage1\">\n\t<div class=\"inner-block tb-fade-in tb-fade-in--subtle\">\n\n\t\t\n\t\t<div class=\"text-part\">\n\t\t\t<h2>Warum Roadtrip Africa w\u00e4hlen?<\/h2>\n\t\t\t\t\t<div class=\"translation-block\"><p>Seit 2011 sind wir die Spezialisten f\u00fcr afrikanische Selbstfahrer-Abenteuer. Unser Team von lokalen Experten kennt jede Stra\u00dfe, jedes versteckte Juwel und jedes wichtige Detail, um deine Reise unvergesslich zu machen.<\/p><\/div>\n\t\t\t<\/div>\n\t<\/div>\n\t<div class=\"inner-block\">\n\t\t\t\t\t\t\t\t<\/div>\n\t<div class=\"inner-block tb-fade-in tb-fade-in--subtle\">\n\t\t<div class=\"text-part\">\n\t\t\t\t\t<div class=\"translation-block\"><p>Wir besitzen unsere gesamte Flotte von 4x4-Fahrzeugen, bieten 24\/7 Pannenhilfe und erm\u00f6glichen vollst\u00e4ndige Flexibilit\u00e4t, um das Abenteuer zu schaffen, das perfekt f\u00fcr dich ist. Von der Routenplanung bis zur Buchung der Unterk\u00fcnfte k\u00fcmmern wir uns um jedes Detail, damit du dich auf das Erlebnis konzentrieren kannst.<\/p><\/div>\n\t\t\t\t<div class=\"tb-buttons-part\">\n\t\t\t\t\t\t<a href=\"\/de\/contact\/\"  target=\"\" class=\"tb-button\">\n\t\t\tPlane deine Reise\t\t<\/a>\n\t\t\t\t\t\t\t\t<a href=\"\/de\/vehicles\/\"  target=\"\" class=\"tb-buttonlink\">\n\t\t\tUnsere Flotte\t\t<\/a>\n\t\t\t\t\t<\/div>\n\t\t<\/div>\n\t<\/div>\n<\/div>","protected":false},"excerpt":{"rendered":"","protected":false},"author":1,"featured_media":11,"parent":0,"menu_order":0,"comment_status":"closed","ping_status":"closed","template":"","meta":{"_acf_changed":false,"inline_featured_image":false,"footnotes":""},"class_list":["post-3","page","type-page","status-publish","has-post-thumbnail","hentry"],"acf":{"page_package_ids":"","is_main_package_page":false,"additional_linked_packages":[],"feed_page_to_atlas":true},"_links":{"self":[{"href":"https:\/\/rta.travelblox.eu\/de\/wp-json\/wp\/v2\/pages\/3","targetHints":{"allow":["GET"]}}],"collection":[{"href":"https:\/\/rta.travelblox.eu\/de\/wp-json\/wp\/v2\/pages"}],"about":[{"href":"https:\/\/rta.travelblox.eu\/de\/wp-json\/wp\/v2\/types\/page"}],"author":[{"embeddable":true,"href":"https:\/\/rta.travelblox.eu\/de\/wp-json\/wp\/v2\/users\/1"}],"replies":[{"embeddable":true,"href":"https:\/\/rta.travelblox.eu\/de\/wp-json\/wp\/v2\/comments?post=3"}],"version-history":[{"count":18,"href":"https:\/\/rta.travelblox.eu\/de\/wp-json\/wp\/v2\/pages\/3\/revisions"}],"predecessor-version":[{"id":58,"href":"https:\/\/rta.travelblox.eu\/de\/wp-json\/wp\/v2\/pages\/3\/revisions\/58"}],"wp:featuredmedia":[{"embeddable":true,"href":"https:\/\/rta.travelblox.eu\/de\/wp-json\/wp\/v2\/media\/11"}],"wp:attachment":[{"href":"https:\/\/rta.travelblox.eu\/de\/wp-json\/wp\/v2\/media?parent=3"}],"curies":[{"name":"wp","href":"https:\/\/api.w.org\/{rel}","templated":true}]}}