{"id":3,"date":"2026-03-06T11:19:08","date_gmt":"2026-03-06T11:19:08","guid":{"rendered":"https:\/\/rta.travelblox.eu\/en\/home\/"},"modified":"2026-03-26T14:59:10","modified_gmt":"2026-03-26T14:59:10","slug":"home","status":"publish","type":"page","link":"https:\/\/rta.travelblox.eu\/fr\/","title":{"rendered":"Accueil"},"content":{"rendered":"<div class=\"tb-header tb-block align-center background-dark pattern-default variant-none\" id=\"header\" data-fallback-background=\"https:\/\/rta.travelblox.eu\/wp-content\/uploads\/sites\/154\/2026\/03\/header-fonce.jpg\" style=\"background-image: url('https:\/\/rta.travelblox.eu\/wp-content\/uploads\/sites\/154\/2026\/03\/header-fonce.jpg'); background-position:;\">\n    <div class=\"tb-header-foreground\">\n        <div class=\"inner-block\">\n\n            <div class=\"main-part\">\n                <div class=\"text-part\">\n                                                                <h1 class=\"tb-title\">Roadtrip Afrique<\/h1>\n                                                                <h2 class=\"tb-subtitle\">\t\t<div class=\"translation-block\"><p>Choisissez la libert\u00e9 &amp; l'aventure<\/p><\/div>\n\t<\/h2>\n                                                                                            <div class=\"tb-properties\">\n                                                                    <div class=\"tb-property\">\n                                                                                    <div class=\"tb-property__icon\">\n                                                \t\t\t\t<i class=\"icon fa-solid fa-star\" aria-hidden=\"true\"><\/i>\n\t\t\t                                            <\/div>\n                                                                                <div class=\"tb-property__label\">\n                                            #1 Sp\u00e9cialiste 4\u00d74 en Afrique                                        <\/div>\n                                    <\/div>\n                                    <div class=\"tb-properties__divider\"><\/div>\n                                                                                                    <div class=\"tb-property\">\n                                                                                    <div class=\"tb-property__icon\">\n                                                \t\t\t\t<i class=\"icon fa-kit fa-tb-icon-jeep\" aria-hidden=\"true\"><\/i>\n\t\t\t                                            <\/div>\n                                                                                <div class=\"tb-property__label\">\n                                            Nous poss\u00e9dons notre flotte.                                        <\/div>\n                                    <\/div>\n                                    <div class=\"tb-properties__divider\"><\/div>\n                                                                                                    <div class=\"tb-property\">\n                                                                                    <div class=\"tb-property__icon\">\n                                                \t\t\t\t<i class=\"icon fa-solid fa-sparkles\" aria-hidden=\"true\"><\/i>\n\t\t\t                                            <\/div>\n                                                                                <div class=\"tb-property__label\">\n                                            Visites sur mesure                                        <\/div>\n                                    <\/div>\n                                                            <\/div>\n                                                                                        <div class=\"tb-buttons-part\">\n                                                            \t\t<a href=\"#destinations\"  target=\"\" class=\"tb-button\">\n\t\t\tR\u00e9serve ton road trip\t\t<\/a>\n\t\t                                                                                        \t\t<a href=\"#destinations\"  target=\"\" class=\"tb-buttonlink\">\n\t\t\tDestinations\t\t<\/a>\n\t\t                                                    <\/div>\n                                                        <\/div>\n            <\/div>\n            \n                    <\/div>\n    <\/div>\n\n    \n    \n        <nav class=\"tb-header__subnav\">\n            <div class=\"inner-block\">\n                <div class=\"tb-header__pagename\">\n                    Accueil                <\/div>\n\n                <ul>\n                                            <li>\n                            <a href=\"#textimage2\">\u00c0 propos de nous<\/a>\n                        <\/li>\n\n                                            <li>\n                            <a href=\"#destinations\">destinations<\/a>\n                        <\/li>\n\n                    \n                                                <li class=\"tb-header__subnav_cta\">\n                                <a href=\"https:\/\/bookings.roadtripafrica.com\/\" class=\"tb-button\" >Obtenir un devis<\/a>\n                            <\/li>\n                                    <\/ul>\n            <\/div>\n        <\/nav>\n\n    \n<\/div>\n\n\n<div class=\"tb-textimage2 tb-block align-left background-light pattern-none variant-text_first tb-collapsible-margins\" id=\"textimage2\">\n\t<div class=\"inner-block tb-fade-in\">\n\n\t\t\n\t\t<div class=\"tb-columns\">\n\t\t\t<div class=\"tb-column\">\n\t\t\t\t<div class=\"tb-text-part\">\n\t\t\t\t\t<h2>Un roadtrip en Afrique qui correspond \u00e0 vos besoins.<\/h2>\n\t\t\t\t\t\t\t<div class=\"translation-block\"><p>Chez Roadtrip Africa, nous savons que chaque voyageur est unique. C'est pourquoi nous adaptons compl\u00e8tement nos voyages \u00e0 vos envies.<\/p>\n<ul>\n<li>Faire un road trip sur un itin\u00e9raire <strong>con\u00e7u juste pour vous<\/strong>?<\/li>\n<li>S\u00e9journer dans des <strong>lodges charmants<\/strong> \u00e0 des <strong>endroits uniques<\/strong> \u00e0 travers l'Afrique?<\/li>\n<li>Ou <strong>choisir votre propre itin\u00e9raire avec un 4x4<\/strong> et tout le mat\u00e9riel de camping n\u00e9cessaire?<\/li>\n<\/ul>\n<p>Quoi que vous choisissiez, vous \u00eates au bon endroit pour des road trips aventureux et uniques en Afrique. Vous pr\u00e9f\u00e9rez ne pas conduire vous-m\u00eame? Alors optez pour un <strong>voyage avec un chauffeur<\/strong>! Vous d\u00e9cidez de votre itin\u00e9raire, tandis qu'un guide local exp\u00e9riment\u00e9 vous montre les meilleurs endroits.<\/p>\n<p>Notre \u00e9quipe de sp\u00e9cialistes est pr\u00eate \u00e0 vous aider \u00e0 planifier un road trip inoubliable en Afrique.<\/p><\/div>\n\t\t\t\t\t\t\t\t\t\t\t<div class=\"tb-buttons-part\">\n\t\t\t\t\t\t\t\t<a href=\"https:\/\/booking.roadtripafrica.com\"  target=\"\" class=\"tb-button\">\n\t\t\tObtenir un devis\t\t<\/a>\n\t\t\t\t\t\t\t\t\t\t<a href=\"#destinations\"  target=\"\" class=\"tb-buttonlink\">\n\t\t\tDestinations\t\t<\/a>\n\t\t\t\t\t\t\t<\/div>\n\t\t\t\t<\/div>\n\t\t\t<\/div>\n\t\t\t<div class=\"tb-column\">\n\t\t\t\t\t\t\t\t\t\t\t\t\t\t\t<div class=\"tb-video-part\">\n\t\t\t\t\t\t\t<iframe loading=\"lazy\" title=\"Roadtrip Afrique - Tanzanie.\" width=\"640\" height=\"360\" src=\"https:\/\/www.youtube.com\/embed\/uVQeJPVT9gQ?feature=oembed&#038;preload=false&#038;autoplay=false&#038;muted=false&#038;playsinline=true&#038;controls=true&#038;responsive=true&#038;controlsList=nodownload&#038;oncontextmenu=return false;\" frameborder=\"0\" allow=\"accelerometer; autoplay; clipboard-write; encrypted-media; gyroscope; picture-in-picture; web-share\" referrerpolicy=\"strict-origin-when-cross-origin\" allowfullscreen><\/iframe>\t\t\t\t\t\t<\/div>\n\t\t\t\t\t\t\t\t\t\t\t\t<\/div>\n\t\t<\/div>\n\t<\/div>\n<\/div>\n\n\n<div class=\"tb-destinations tb-block align-center background-dark pattern-custom variant-none tb-collapsible-margins\" id=\"destinations\" style=\"background-image: url(https:\/\/rta.travelblox.eu\/wp-content\/uploads\/sites\/154\/2026\/03\/jupiter.svg)\">\n\t<div class=\"inner-block tb-fade-in tb-fade-in--subtle\">\n\t\t<div class=\"text-part\">\n\t\t\t<h2>Choisissez votre destination en auto-tour en Afrique de l'Est<\/h2>\n\t\t\t\t\t<div class=\"translation-block\"><p>D\u00e9couvrez le meilleur de l'Afrique avec nos aventures en auto-conduite soigneusement \u00e9labor\u00e9es<\/p><\/div>\n\t\t\t\t\t\t<\/div>\n\t<\/div>\n\n\t<!-- sections -->\n\n\t\t\t<div class=\"tb-sections tb-fade-in tb-fade-in--subtle\">\n\t\t\t\t\t\t\t\t\t\t\t\t\t\t<div class=\"inner-block-full-width has-tb-carousel tb-section\" id=\"destinations-section-0\">\n\t\t\t<div class=\"tb-carousel-container\">\n\t\t\t\t<div class=\"entries tb-cards\" data-slider-first=\"1\">\n\t\t\t\t\t\t\t\t\t\n\t\t\t\t\t\t\t\t\t\t\t\t\t<a href=\"\/fr\/uganda\/\"  target=\"\" class=\"tb-card entry\">\n\t\t\t\t\t\t\t\t\t\t\t\t\t\t\t<div class=\"tb-image-part\">\n\n\t\t\t\t\t\t\t\t\t<img src='https:\/\/rta.travelblox.eu\/wp-content\/uploads\/sites\/154\/2026\/03\/madagascar.jpg' width='752' height='550' loading='lazy' image_size='medium_large'>\t\t\t\t\t\t\t\t\t\t\t\t\t\t\t\t\t\t\t<div class=\"tb-image-part__overlay\">\n\t\t\t\t\t\t\t\t\t\t\t<h3 class=\"tb-image-part__title\">\n\t\t\t\t\t\t\t\t\t\t\t\t<span>Uganda<\/span>\n\t\t\t\t\t\t\t\t\t\t\t\t\t\t\t\t\t\t\t\t\t\t\t\t\t<i class=\"icon fa-solid fa-arrow-right\"><\/i>\n\t\t\t\t\t\t\t\t\t\t\t\t\t\t\t\t\t\t\t\t\t\t\t<\/h3>\n\t\t\t\t\t\t\t\t\t\t\t\t\t\t\t\t\t\t\t\t\t\t\t<h4 class=\"tb-image-part__subtitle\">L'Afrique en miniature<\/h4>\n\t\t\t\t\t\t\t\t\t\t\t\t\t\t\t\t\t\t\t\t\t<\/div>\n\t\t\t\t\t\t\t\t\t\n\t\t\t\t\t\t\t\t\t\t\t\t\t\t\t\t\t\t\t<div class=\"tag tiny-body-font\">Faune &amp; Culture<\/div>\n\t\t\t\t\t\t\t\t\t\n\t\t\t\t\t\t\t\t<\/div>\n\t\t\t\t\t\t\t\t\t\t\t\t\t\t\t\t\t<div class=\"tb-card-content\">\n\t\t\t\t\t\t\t\t\t\t\t\t\t\t\t\t\t\t\t\t\t<div class=\"property\">\n\t\t\t\t\t\t\t\t\t\t\t\t\t\t\t\t<i class=\"icon fa-solid fa-binoculars\" aria-hidden=\"true\"><\/i>\n\t\t\t\t\t\t\t\t\t\t\t\t\t\t\t<span>Gorilles &#038; Faune<\/span>\n\t\t\t\t\t\t\t\t\t\t\t<\/div>\n\t\t\t\t\t\t\t\t\t\t\t\t\t\t\t\t\t\t\t\t\t<div class=\"property\">\n\t\t\t\t\t\t\t\t\t\t\t\t\t\t\t\t<i class=\"icon fa-kit fa-tb-icon-mountains\" aria-hidden=\"true\"><\/i>\n\t\t\t\t\t\t\t\t\t\t\t\t\t\t\t<span>Rwenzori Mountains<\/span>\n\t\t\t\t\t\t\t\t\t\t\t<\/div>\n\t\t\t\t\t\t\t\t\t\t\t\t\t\t\t\t\t\t\t\t\t<div class=\"property\">\n\t\t\t\t\t\t\t\t\t\t\t\t\t\t\t\t<i class=\"icon fa-kit fa-tb-icon-paddle\" aria-hidden=\"true\"><\/i>\n\t\t\t\t\t\t\t\t\t\t\t\t\t\t\t<span>Rafting en eaux vives<\/span>\n\t\t\t\t\t\t\t\t\t\t\t<\/div>\n\t\t\t\t\t\t\t\t\t\t\t\t\t\t\t\t\t\t\t<\/div>\n\t\t\t\t\t\t\t\t\n\t\t\t\t\t\t\t\t\t\t\t\t\t\t\t<\/a>\n\t\t\t\t\t\t\n\n\t\t\t\t\t\t\t\t\t\t\t\t\t<a href=\"\/fr\/tanzania\/\"  target=\"\" class=\"tb-card entry\">\n\t\t\t\t\t\t\t\t\t\t\t\t\t\t\t<div class=\"tb-image-part\">\n\n\t\t\t\t\t\t\t\t\t<img src='https:\/\/rta.travelblox.eu\/wp-content\/uploads\/sites\/154\/2026\/03\/tanzania.jpg' width='752' height='550' loading='lazy' image_size='medium_large'>\t\t\t\t\t\t\t\t\t\t\t\t\t\t\t\t\t\t\t<div class=\"tb-image-part__overlay\">\n\t\t\t\t\t\t\t\t\t\t\t<h3 class=\"tb-image-part__title\">\n\t\t\t\t\t\t\t\t\t\t\t\t<span>Tanzanie<\/span>\n\t\t\t\t\t\t\t\t\t\t\t\t\t\t\t\t\t\t\t\t\t\t\t\t\t<i class=\"icon fa-solid fa-arrow-right\"><\/i>\n\t\t\t\t\t\t\t\t\t\t\t\t\t\t\t\t\t\t\t\t\t\t\t<\/h3>\n\t\t\t\t\t\t\t\t\t\t\t\t\t\t\t\t\t\t\t\t\t\t\t<h4 class=\"tb-image-part__subtitle\">Safari Paradis<\/h4>\n\t\t\t\t\t\t\t\t\t\t\t\t\t\t\t\t\t\t\t\t\t<\/div>\n\t\t\t\t\t\t\t\t\t\n\t\t\t\t\t\t\t\t\t\t\t\t\t\t\t\t\t\t\t<div class=\"tag tiny-body-font\">Safari &#038; Aventure<\/div>\n\t\t\t\t\t\t\t\t\t\n\t\t\t\t\t\t\t\t<\/div>\n\t\t\t\t\t\t\t\t\t\t\t\t\t\t\t\t\t<div class=\"tb-card-content\">\n\t\t\t\t\t\t\t\t\t\t\t\t\t\t\t\t\t\t\t\t\t<div class=\"property\">\n\t\t\t\t\t\t\t\t\t\t\t\t\t\t\t\t<i class=\"icon fa-solid fa-binoculars\" aria-hidden=\"true\"><\/i>\n\t\t\t\t\t\t\t\t\t\t\t\t\t\t\t<span>Serengeti &amp; Ngorongoro<\/span>\n\t\t\t\t\t\t\t\t\t\t\t<\/div>\n\t\t\t\t\t\t\t\t\t\t\t\t\t\t\t\t\t\t\t\t\t<div class=\"property\">\n\t\t\t\t\t\t\t\t\t\t\t\t\t\t\t\t<i class=\"icon fa-solid fa-mound\" aria-hidden=\"true\"><\/i>\n\t\t\t\t\t\t\t\t\t\t\t\t\t\t\t<span>Mount Kilimanjaro<\/span>\n\t\t\t\t\t\t\t\t\t\t\t<\/div>\n\t\t\t\t\t\t\t\t\t\t\t\t\t\t\t\t\t\t\t\t\t<div class=\"property\">\n\t\t\t\t\t\t\t\t\t\t\t\t\t\t\t\t<i class=\"icon fa-solid fa-umbrella-beach\" aria-hidden=\"true\"><\/i>\n\t\t\t\t\t\t\t\t\t\t\t\t\t\t\t<span>Plages de Zanzibar<\/span>\n\t\t\t\t\t\t\t\t\t\t\t<\/div>\n\t\t\t\t\t\t\t\t\t\t\t\t\t\t\t\t\t\t\t<\/div>\n\t\t\t\t\t\t\t\t\n\t\t\t\t\t\t\t\t\t\t\t\t\t\t\t<\/a>\n\t\t\t\t\t\t\n\n\t\t\t\t\t\t\t\t\t\t\t\t\t<a href=\"\/fr\/kenya\/\"  target=\"\" class=\"tb-card entry\">\n\t\t\t\t\t\t\t\t\t\t\t\t\t\t\t<div class=\"tb-image-part\">\n\n\t\t\t\t\t\t\t\t\t<img src='https:\/\/rta.travelblox.eu\/wp-content\/uploads\/sites\/154\/2026\/03\/kenia.jpg' width='752' height='550' loading='lazy' image_size='medium_large'>\t\t\t\t\t\t\t\t\t\t\t\t\t\t\t\t\t\t\t<div class=\"tb-image-part__overlay\">\n\t\t\t\t\t\t\t\t\t\t\t<h3 class=\"tb-image-part__title\">\n\t\t\t\t\t\t\t\t\t\t\t\t<span>Kenya<\/span>\n\t\t\t\t\t\t\t\t\t\t\t\t\t\t\t\t\t\t\t\t\t\t\t\t\t<i class=\"icon fa-solid fa-arrow-right\"><\/i>\n\t\t\t\t\t\t\t\t\t\t\t\t\t\t\t\t\t\t\t\t\t\t\t<\/h3>\n\t\t\t\t\t\t\t\t\t\t\t\t\t\t\t\t\t\t\t\t\t\t\t<h4 class=\"tb-image-part__subtitle\">Pays des savanes sans fin<\/h4>\n\t\t\t\t\t\t\t\t\t\t\t\t\t\t\t\t\t\t\t\t\t<\/div>\n\t\t\t\t\t\t\t\t\t\n\t\t\t\t\t\t\t\t\t\t\t\t\t\t\t\t\t\t\t<div class=\"tag tiny-body-font\">Safari &amp; C\u00f4te<\/div>\n\t\t\t\t\t\t\t\t\t\n\t\t\t\t\t\t\t\t<\/div>\n\t\t\t\t\t\t\t\t\t\t\t\t\t\t\t\t\t<div class=\"tb-card-content\">\n\t\t\t\t\t\t\t\t\t\t\t\t\t\t\t\t\t\t\t\t\t<div class=\"property\">\n\t\t\t\t\t\t\t\t\t\t\t\t\t\t\t\t<i class=\"icon fa-solid fa-binoculars\" aria-hidden=\"true\"><\/i>\n\t\t\t\t\t\t\t\t\t\t\t\t\t\t\t<span>\u00c9l\u00e9phants d'Amboseli<\/span>\n\t\t\t\t\t\t\t\t\t\t\t<\/div>\n\t\t\t\t\t\t\t\t\t\t\t\t\t\t\t\t\t\t\t\t\t<div class=\"property\">\n\t\t\t\t\t\t\t\t\t\t\t\t\t\t\t\t<i class=\"icon fa-kit fa-tb-icon-tipi\" aria-hidden=\"true\"><\/i>\n\t\t\t\t\t\t\t\t\t\t\t\t\t\t\t<span>Faune du Masai Mara<\/span>\n\t\t\t\t\t\t\t\t\t\t\t<\/div>\n\t\t\t\t\t\t\t\t\t\t\t\t\t\t\t\t\t\t\t\t\t<div class=\"property\">\n\t\t\t\t\t\t\t\t\t\t\t\t\t\t\t\t<i class=\"icon fa-solid fa-umbrella-beach\" aria-hidden=\"true\"><\/i>\n\t\t\t\t\t\t\t\t\t\t\t\t\t\t\t<span>C\u00f4te swahilie<\/span>\n\t\t\t\t\t\t\t\t\t\t\t<\/div>\n\t\t\t\t\t\t\t\t\t\t\t\t\t\t\t\t\t\t\t<\/div>\n\t\t\t\t\t\t\t\t\n\t\t\t\t\t\t\t\t\t\t\t\t\t\t\t<\/a>\n\t\t\t\t\t\t\n\n\t\t\t\t\t\t\t\t\t\t\t\t\t<a href=\"\/fr\/madagascar\/\"  target=\"\" class=\"tb-card entry\">\n\t\t\t\t\t\t\t\t\t\t\t\t\t\t\t<div class=\"tb-image-part\">\n\n\t\t\t\t\t\t\t\t\t<img src='https:\/\/rta.travelblox.eu\/wp-content\/uploads\/sites\/154\/2026\/03\/madagascar.jpg' width='752' height='550' loading='lazy' image_size='medium_large'>\t\t\t\t\t\t\t\t\t\t\t\t\t\t\t\t\t\t\t<div class=\"tb-image-part__overlay\">\n\t\t\t\t\t\t\t\t\t\t\t<h3 class=\"tb-image-part__title\">\n\t\t\t\t\t\t\t\t\t\t\t\t<span>Madagascar<\/span>\n\t\t\t\t\t\t\t\t\t\t\t\t\t\t\t\t\t\t\t\t\t\t\t\t\t<i class=\"icon fa-solid fa-arrow-right\"><\/i>\n\t\t\t\t\t\t\t\t\t\t\t\t\t\t\t\t\t\t\t\t\t\t\t<\/h3>\n\t\t\t\t\t\t\t\t\t\t\t\t\t\t\t\t\t\t\t\t\t\t\t<h4 class=\"tb-image-part__subtitle\">Une destination pas comme les autres<\/h4>\n\t\t\t\t\t\t\t\t\t\t\t\t\t\t\t\t\t\t\t\t\t<\/div>\n\t\t\t\t\t\t\t\t\t\n\t\t\t\t\t\t\t\t\t\t\t\t\t\t\t\t\t\t\t<div class=\"tag tiny-body-font\">Faune unique<\/div>\n\t\t\t\t\t\t\t\t\t\n\t\t\t\t\t\t\t\t<\/div>\n\t\t\t\t\t\t\t\t\t\t\t\t\t\t\t\t\t<div class=\"tb-card-content\">\n\t\t\t\t\t\t\t\t\t\t\t\t\t\t\t\t\t\t\t\t\t<div class=\"property\">\n\t\t\t\t\t\t\t\t\t\t\t\t\t\t\t\t<i class=\"icon fa-solid fa-star\" aria-hidden=\"true\"><\/i>\n\t\t\t\t\t\t\t\t\t\t\t\t\t\t\t<span>Baobabs majestueux<\/span>\n\t\t\t\t\t\t\t\t\t\t\t<\/div>\n\t\t\t\t\t\t\t\t\t\t\t\t\t\t\t\t\t\t\t\t\t<div class=\"property\">\n\t\t\t\t\t\t\t\t\t\t\t\t\t\t\t\t<i class=\"icon fa-solid fa-binoculars\" aria-hidden=\"true\"><\/i>\n\t\t\t\t\t\t\t\t\t\t\t\t\t\t\t<span>Faune unique<\/span>\n\t\t\t\t\t\t\t\t\t\t\t<\/div>\n\t\t\t\t\t\t\t\t\t\t\t\t\t\t\t\t\t\t\t\t\t<div class=\"property\">\n\t\t\t\t\t\t\t\t\t\t\t\t\t\t\t\t<i class=\"icon fa-regular fa-plate-utensils\" aria-hidden=\"true\"><\/i>\n\t\t\t\t\t\t\t\t\t\t\t\t\t\t\t<span>Cuisine d'inspiration fran\u00e7aise<\/span>\n\t\t\t\t\t\t\t\t\t\t\t<\/div>\n\t\t\t\t\t\t\t\t\t\t\t\t\t\t\t\t\t\t\t<\/div>\n\t\t\t\t\t\t\t\t\n\t\t\t\t\t\t\t\t\t\t\t\t\t\t\t<\/a>\n\t\t\t\t\t\t\n\t\t\t\t<\/div>\n\t\t\t\t\t\t<div class=\"tb-carousel-nav\">\n\t\t\t<div class=\"dots\">\n\t\t\t\t<div class=\"dot active\"><\/div>\n\t\t\t\t<div class=\"dot\"><\/div>\n\t\t\t\t<div class=\"dot\"><\/div>\n\t\t\t<\/div>\n\t\t\t<div class=\"arrows\">\n\t\t\t\t<div class=\"prev disabled\">\n\t\t\t\t\t<span><i class=\"fa fa-chevron-left\"><\/i><\/span>\n\t\t\t\t<\/div>\n\t\t\t\t<div class=\"next\">\n\t\t\t\t\t<span><i class=\"fa fa-chevron-right\"><\/i><\/span>\n\t\t\t\t<\/div>\n\t\t\t<\/div>\n\t\t<\/div>\n\t\t\t\t<\/div>\n\t\t<\/div>\n\t<\/div>\n\n<!-- end section -->\n\n\n<\/div>\n\n\n<div class=\"tb-reviewroll tb-block align-center background-white pattern-default variant-none tb-collapsible-margins\" id=\"reviewroll\">\n\t\t<div class=\"inner-block tb-fade-in tb-fade-in--subtle\">\n\t\t<div class=\"text-part\">\n\t\t\t<h2>Partageons quelques histoires<\/h2>\n\t\t<\/div>\n\n\t\t<div class=\"average-reviews-wrapper\" data-embed-social-id=\"\" data-reviews-redirect-url=\"\/reviews\">\n\t\t<\/div>\n\t<\/div>\n\t<div class=\"inner-block-full-width has-tb-carousel\">\n\t\t<!-- <div class=\"inner-block tb-fade-in tb-fade-in--subtle\"> -->\n\n\t\t<div class=\"reviews-wrapper\" data-embed-social-id=\"\" data-per-page=\"3\" data-type-code=\"custom\"\">\n\t\t\t<div class=\"tb-ajax-loader\">\n\t\t<\/div>\n\t<\/div>\n\n\t<!-- <\/div> -->\n<\/div>\n<\/div>\n\n\n<div class=\"align-center tb-storiescallout tb-block align-none background-light pattern-default variant-none tb-collapsible-margins\" id=\"storiescallout\">\n\t<div class=\"inner-block tb-fade-in tb-fade-in--subtle\">\n\t\t<div class=\"text-part\">\n\t\t\t<h2>Ce que nos voyageurs disent<\/h2>\n\t\t\t\t\t<div class=\"translation-block\"><p>Vraies exp\u00e9riences d'aventuriers qui ont explor\u00e9 l'Afrique avec nous<\/p><\/div>\n\t\t\t<\/div>\n\t<\/div>\n\t\t\t\t\t<div class=\"inner-block-full-width has-tb-carousel\" >\n\t\t\t<div class=\"tb-carousel-container\">\n\t\t\t\t<div class=\"entries tb-cards\" data-slider-first=\"1\">\n\t\t\t\t\t\t\t\t\t\t\t<div class=\"entry tb-fade-in tb-fade-in--subtle\">\n\t\t\t\t\t<div class=\"inner-entry\">\n\t\t\t\t\t\t<div class=\"story-image\">\n\t\t\t\t\t\t\t<img src='https:\/\/rta.travelblox.eu\/wp-content\/uploads\/sites\/154\/2026\/03\/tbx-placeholder.svg' width='800' height='600' loading='lazy' alt='Pascal de Suisse'>\t\t\t\t\t\t<\/div>\n\t\t\t\t\t\t<div class=\"story-content\">\n\t\t\t\t\t\t\t<h5>Pascal de Suisse<\/h5>\n\t\t\t\t\t\t\t<div class=\"stars\"><i class=\"fa-solid fa-star\"><\/i><i class=\"fa-solid fa-star\"><\/i><i class=\"fa-solid fa-star\"><\/i><i class=\"fa-solid fa-star\"><\/i><i class=\"fa-solid fa-star\"><\/i><\/div>\t\t\t\t\t\t\t\t\t<div class=\"translation-block\"><p>C'\u00e9tait vraiment un grand plaisir de r\u00e9server notre 4&#215;4 avec Roadtrip. Nous avons fait le \u00ab Madagascar Grand Circuit \u00bb et avons conduit la voiture nous-m\u00eames tout au long du parcours. Pour la c\u00f4te ouest, nous avons eu un pisteur (guide) incroyable avec nous. C'est d\u00e9finitivement tr\u00e8s utile si vous n'\u00eates pas tr\u00e8s exp\u00e9riment\u00e9 en conduite de 4&#215;4.<\/p><\/div>\n\t\t\t\t\t\t\t<\/div>\n\t\t\t\t\t\t<div class=\"story-button\">\n\t\t\t\t\t\t\t\t\t\t\t\t\t<\/div>\n\t\t\t\t\t<\/div>\n\t\t\t\t<\/div>\n\t\t\t\t\t\t\t<div class=\"entry tb-fade-in tb-fade-in--subtle\">\n\t\t\t\t\t<div class=\"inner-entry\">\n\t\t\t\t\t\t<div class=\"story-image\">\n\t\t\t\t\t\t\t<img src='https:\/\/rta.travelblox.eu\/wp-content\/uploads\/sites\/154\/2026\/03\/tbx-placeholder.svg' width='800' height='600' loading='lazy' alt='Javier d&#039;Espagne'>\t\t\t\t\t\t<\/div>\n\t\t\t\t\t\t<div class=\"story-content\">\n\t\t\t\t\t\t\t<h5>Javier d'Espagne<\/h5>\n\t\t\t\t\t\t\t<div class=\"stars\"><i class=\"fa-solid fa-star\"><\/i><i class=\"fa-solid fa-star\"><\/i><i class=\"fa-solid fa-star\"><\/i><i class=\"fa-solid fa-star\"><\/i><i class=\"fa-solid fa-star\"><\/i><\/div>\t\t\t\t\t\t\t\t\t<div class=\"translation-block\"><p>Super soci\u00e9t\u00e9 pour louer un 4x4 en Ouganda. Nous conduisons toujours nous-m\u00eames, mais si vous avez la chance d'avoir un chauffeur-guide comme Cato (Moses), n'h\u00e9sitez pas \u00e0 l'engager. Il a rendu notre roadtrip en Ouganda inoubliable.<\/p><\/div>\n\t\t\t\t\t\t\t<\/div>\n\t\t\t\t\t\t<div class=\"story-button\">\n\t\t\t\t\t\t\t\t\t\t\t\t\t<\/div>\n\t\t\t\t\t<\/div>\n\t\t\t\t<\/div>\n\t\t\t\t\t\t\t<div class=\"entry tb-fade-in tb-fade-in--subtle\">\n\t\t\t\t\t<div class=\"inner-entry\">\n\t\t\t\t\t\t<div class=\"story-image\">\n\t\t\t\t\t\t\t<img src='https:\/\/rta.travelblox.eu\/wp-content\/uploads\/sites\/154\/2026\/03\/tbx-placeholder.svg' width='800' height='600' loading='lazy' alt='Matthias d&#039;Allemagne'>\t\t\t\t\t\t<\/div>\n\t\t\t\t\t\t<div class=\"story-content\">\n\t\t\t\t\t\t\t<h5>Matthias d'Allemagne<\/h5>\n\t\t\t\t\t\t\t<div class=\"stars\"><i class=\"fa-solid fa-star\"><\/i><i class=\"fa-solid fa-star\"><\/i><i class=\"fa-solid fa-star\"><\/i><i class=\"fa-solid fa-star\"><\/i><i class=\"fa-solid fa-star\"><\/i><\/div>\t\t\t\t\t\t\t\t\t<div class=\"translation-block\"><p>Mon agent de voyage pour les circuits en voiture en Afrique de l'Est. Apr\u00e8s avoir fait un voyage en voiture au Kenya l'ann\u00e9e derni\u00e8re, j'ai choisi Roadtrip \u00e0 nouveau pour mon voyage en Tanzanie. Tout \u00e9tait super professionnel et fluide.<\/p><\/div>\n\t\t\t\t\t\t\t<\/div>\n\t\t\t\t\t\t<div class=\"story-button\">\n\t\t\t\t\t\t\t\t\t\t\t\t\t<\/div>\n\t\t\t\t\t<\/div>\n\t\t\t\t<\/div>\n\t\t\t\t\t\t\t\t\t<\/div>\n\t\t\t\t\t\t<div class=\"tb-carousel-nav\">\n\t\t\t<div class=\"dots\">\n\t\t\t\t<div class=\"dot active\"><\/div>\n\t\t\t\t<div class=\"dot\"><\/div>\n\t\t\t\t<div class=\"dot\"><\/div>\n\t\t\t<\/div>\n\t\t\t<div class=\"arrows\">\n\t\t\t\t<div class=\"prev disabled\">\n\t\t\t\t\t<span><i class=\"fa fa-chevron-left\"><\/i><\/span>\n\t\t\t\t<\/div>\n\t\t\t\t<div class=\"next\">\n\t\t\t\t\t<span><i class=\"fa fa-chevron-right\"><\/i><\/span>\n\t\t\t\t<\/div>\n\t\t\t<\/div>\n\t\t<\/div>\n\t\t\t\t<\/div>\n\t\t<\/div>\n\t\t<\/div>\n\n\n\n<div class=\"tb-textimage1 tb-block align-right background-white pattern-default variant-none tb-collapsible-margins\" id=\"textimage1\">\n\t<div class=\"inner-block tb-fade-in tb-fade-in--subtle\">\n\n\t\t\n\t\t<div class=\"text-part\">\n\t\t\t<h2>Pourquoi choisir Roadtrip Africa?<\/h2>\n\t\t\t\t\t<div class=\"translation-block\"><p>Depuis 2011, nous sommes sp\u00e9cialis\u00e9s dans les aventures en auto-tour en Afrique. Notre \u00e9quipe d'experts locaux conna\u00eet chaque route, chaque tr\u00e9sor cach\u00e9 et chaque d\u00e9tail essentiel pour rendre votre voyage inoubliable.<\/p><\/div>\n\t\t\t<\/div>\n\t<\/div>\n\t<div class=\"inner-block\">\n\t\t\t\t\t\t\t\t<\/div>\n\t<div class=\"inner-block tb-fade-in tb-fade-in--subtle\">\n\t\t<div class=\"text-part\">\n\t\t\t\t\t<div class=\"translation-block\"><p>Nous poss\u00e9dons notre flotte enti\u00e8re de v\u00e9hicules 4x4, fournissons une assistance routi\u00e8re 24\/7 et offrons une flexibilit\u00e9 totale pour cr\u00e9er l'aventure qui vous convient parfaitement. De la planification de l'itin\u00e9raire \u00e0 la r\u00e9servation d'h\u00e9bergement, nous g\u00e9rons chaque d\u00e9tail afin que vous puissiez vous concentrer sur l'exp\u00e9rience.<\/p><\/div>\n\t\t\t\t<div class=\"tb-buttons-part\">\n\t\t\t\t\t\t<a href=\"\/fr\/contact\/\"  target=\"\" class=\"tb-button\">\n\t\t\tPlanifiez votre voyage\t\t<\/a>\n\t\t\t\t\t\t\t\t<a href=\"\/fr\/vehicles\/\"  target=\"\" class=\"tb-buttonlink\">\n\t\t\tNotre flotte\t\t<\/a>\n\t\t\t\t\t<\/div>\n\t\t<\/div>\n\t<\/div>\n<\/div>","protected":false},"excerpt":{"rendered":"","protected":false},"author":1,"featured_media":11,"parent":0,"menu_order":0,"comment_status":"closed","ping_status":"closed","template":"","meta":{"_acf_changed":false,"inline_featured_image":false,"footnotes":""},"class_list":["post-3","page","type-page","status-publish","has-post-thumbnail","hentry"],"acf":{"page_package_ids":"","is_main_package_page":false,"additional_linked_packages":[],"feed_page_to_atlas":true},"_links":{"self":[{"href":"https:\/\/rta.travelblox.eu\/fr\/wp-json\/wp\/v2\/pages\/3","targetHints":{"allow":["GET"]}}],"collection":[{"href":"https:\/\/rta.travelblox.eu\/fr\/wp-json\/wp\/v2\/pages"}],"about":[{"href":"https:\/\/rta.travelblox.eu\/fr\/wp-json\/wp\/v2\/types\/page"}],"author":[{"embeddable":true,"href":"https:\/\/rta.travelblox.eu\/fr\/wp-json\/wp\/v2\/users\/1"}],"replies":[{"embeddable":true,"href":"https:\/\/rta.travelblox.eu\/fr\/wp-json\/wp\/v2\/comments?post=3"}],"version-history":[{"count":18,"href":"https:\/\/rta.travelblox.eu\/fr\/wp-json\/wp\/v2\/pages\/3\/revisions"}],"predecessor-version":[{"id":58,"href":"https:\/\/rta.travelblox.eu\/fr\/wp-json\/wp\/v2\/pages\/3\/revisions\/58"}],"wp:featuredmedia":[{"embeddable":true,"href":"https:\/\/rta.travelblox.eu\/fr\/wp-json\/wp\/v2\/media\/11"}],"wp:attachment":[{"href":"https:\/\/rta.travelblox.eu\/fr\/wp-json\/wp\/v2\/media?parent=3"}],"curies":[{"name":"wp","href":"https:\/\/api.w.org\/{rel}","templated":true}]}}